{"id":468,"date":"2024-01-08T15:57:35","date_gmt":"2024-01-08T15:57:35","guid":{"rendered":"https:\/\/verein-omid.ch\/?page_id=468"},"modified":"2024-01-08T15:57:35","modified_gmt":"2024-01-08T15:57:35","slug":"ziele","status":"publish","type":"page","link":"https:\/\/verein-omid.ch\/index.php\/ziele\/","title":{"rendered":"Ziele"},"content":{"rendered":"\n<ul class=\"wp-block-list\">\n<li>Die grundlegende Begleitung und Unterst\u00fctzung von farsisprechenden Asylsuchenden, vorl\u00e4ufig Aufgenommenen und Sans-Papiers im Raum Biel, Jura und Solothurn.<\/li>\n\n\n\n<li>Es werden Br\u00fccken zwischen den Kulturen gebaut. Dies geschieht durch verschiedene Initiativen und Aktivit\u00e4ten: gemeinsames Essen, Sommerlager, Besuche, Sport, Tanzen, Spiel und Spass usw.<\/li>\n\n\n\n<li>F\u00f6rderung der sozialen Integration von farsisprechenden Gefl\u00fcchteten durch Beziehungen und Freundschaften mit Schweizerinnen und Schweizern.<\/li>\n\n\n\n<li>Verbesserung der Sozial- und Sprachkompetenz (Deutsch, Franz\u00f6sisch), was zu besseren Chancen auf dem Schweizer Wohnungs- und Arbeitsmarkt f\u00fchrt.<\/li>\n\n\n\n<li>Farsisprechende Personen \u00fcbernehmen bei den diversen OMID-Aktivit\u00e4ten Verantwortung und werden so in ihrer Selbstst\u00e4ndigkeit gef\u00f6rdert.<\/li>\n\n\n\n<li>Alle OMID-Treffen sind ein Ort der bedingungslosen gegenseitigen Annahme.<\/li>\n<\/ul>\n\n\n\n<p>Der Verein OMID verfolgt keine kommerziellen Zwecke und erstrebt keinen Gewinn. Der Verein besteht aus ehrenamtlichen Mitarbeiterinnen und Mitarbeitern.&nbsp;<\/p>\n","protected":false},"excerpt":{"rendered":"<p>Der Verein OMID verfolgt keine kommerziellen Zwecke und erstrebt keinen Gewinn. Der Verein besteht aus ehrenamtlichen Mitarbeiterinnen und Mitarbeitern.&nbsp;<\/p>\n","protected":false},"author":2,"featured_media":0,"parent":0,"menu_order":0,"comment_status":"closed","ping_status":"closed","template":"","meta":{"footnotes":""},"class_list":["post-468","page","type-page","status-publish","hentry"],"_links":{"self":[{"href":"https:\/\/verein-omid.ch\/index.php\/wp-json\/wp\/v2\/pages\/468","targetHints":{"allow":["GET"]}}],"collection":[{"href":"https:\/\/verein-omid.ch\/index.php\/wp-json\/wp\/v2\/pages"}],"about":[{"href":"https:\/\/verein-omid.ch\/index.php\/wp-json\/wp\/v2\/types\/page"}],"author":[{"embeddable":true,"href":"https:\/\/verein-omid.ch\/index.php\/wp-json\/wp\/v2\/users\/2"}],"replies":[{"embeddable":true,"href":"https:\/\/verein-omid.ch\/index.php\/wp-json\/wp\/v2\/comments?post=468"}],"version-history":[{"count":1,"href":"https:\/\/verein-omid.ch\/index.php\/wp-json\/wp\/v2\/pages\/468\/revisions"}],"predecessor-version":[{"id":470,"href":"https:\/\/verein-omid.ch\/index.php\/wp-json\/wp\/v2\/pages\/468\/revisions\/470"}],"wp:attachment":[{"href":"https:\/\/verein-omid.ch\/index.php\/wp-json\/wp\/v2\/media?parent=468"}],"curies":[{"name":"wp","href":"https:\/\/api.w.org\/{rel}","templated":true}]}}