{"id":334,"date":"2023-12-07T09:03:53","date_gmt":"2023-12-07T09:03:53","guid":{"rendered":"https:\/\/verein-omid.ch\/?page_id=334"},"modified":"2024-01-12T22:25:58","modified_gmt":"2024-01-12T22:25:58","slug":"omid-sonntage","status":"publish","type":"page","link":"https:\/\/verein-omid.ch\/index.php\/omid-sonntage\/","title":{"rendered":"OMID-Sonntage\/ HOPE-Treffen"},"content":{"rendered":"\n<p>Zweimal im Monat (Freitagabend und Sonntagnachmittag) treffen wir uns, um die interkulturelle Gemeinschaft zu pflegen. Wir spielen zusammen, singen und essen ein k\u00f6stliches Gericht aus dem farsisprechenden Raum. <\/p>\n\n\n\n<p>Gleichzeitig gibt es jeweils ein cooles Programm f\u00fcr die Kinder. Diese Anl\u00e4sse sind ideal um neue Freunde kennenzulernen.  Egal ob als Einzelperson oder als ganze Familie, jeder ist herzlich willkommen. <\/p>\n\n\n\n<p>Bei Interesse oder Fragen, kannst du dich gerne per E-Mail (<a href=\"mailto:info@verein-omid.ch\" target=\"_blank\" rel=\"noreferrer noopener\">i<\/a><a href=\"mailto:nfo@verein-omid.ch\" target=\"_blank\" rel=\"noreferrer noopener\">nfo@verein-omid.ch<\/a>) an uns wenden. <\/p>\n\n\n\n<figure class=\"wp-block-image size-full is-resized\"><img loading=\"lazy\" decoding=\"async\" width=\"1077\" height=\"501\" src=\"https:\/\/verein-omid.ch\/wp-content\/uploads\/2024\/01\/4-Kreise-2.jpg\" alt=\"\" class=\"wp-image-538\" style=\"width:649px;height:auto\" srcset=\"https:\/\/verein-omid.ch\/wp-content\/uploads\/2024\/01\/4-Kreise-2.jpg 1077w, https:\/\/verein-omid.ch\/wp-content\/uploads\/2024\/01\/4-Kreise-2-300x140.jpg 300w, https:\/\/verein-omid.ch\/wp-content\/uploads\/2024\/01\/4-Kreise-2-1024x476.jpg 1024w, https:\/\/verein-omid.ch\/wp-content\/uploads\/2024\/01\/4-Kreise-2-768x357.jpg 768w\" sizes=\"auto, (max-width: 1077px) 100vw, 1077px\" \/><\/figure>\n","protected":false},"excerpt":{"rendered":"<p>Zweimal im Monat (Freitagabend und Sonntagnachmittag) treffen wir uns, um die interkulturelle Gemeinschaft zu pflegen. Wir spielen zusammen, singen und essen ein k\u00f6stliches Gericht aus dem farsisprechenden Raum. Gleichzeitig gibt es jeweils ein cooles Programm f\u00fcr die Kinder. Diese Anl\u00e4sse sind ideal um neue Freunde kennenzulernen. Egal ob als Einzelperson oder als ganze Familie, jeder [&hellip;]<\/p>\n","protected":false},"author":2,"featured_media":0,"parent":0,"menu_order":0,"comment_status":"closed","ping_status":"closed","template":"","meta":{"footnotes":""},"class_list":["post-334","page","type-page","status-publish","hentry"],"_links":{"self":[{"href":"https:\/\/verein-omid.ch\/index.php\/wp-json\/wp\/v2\/pages\/334","targetHints":{"allow":["GET"]}}],"collection":[{"href":"https:\/\/verein-omid.ch\/index.php\/wp-json\/wp\/v2\/pages"}],"about":[{"href":"https:\/\/verein-omid.ch\/index.php\/wp-json\/wp\/v2\/types\/page"}],"author":[{"embeddable":true,"href":"https:\/\/verein-omid.ch\/index.php\/wp-json\/wp\/v2\/users\/2"}],"replies":[{"embeddable":true,"href":"https:\/\/verein-omid.ch\/index.php\/wp-json\/wp\/v2\/comments?post=334"}],"version-history":[{"count":18,"href":"https:\/\/verein-omid.ch\/index.php\/wp-json\/wp\/v2\/pages\/334\/revisions"}],"predecessor-version":[{"id":539,"href":"https:\/\/verein-omid.ch\/index.php\/wp-json\/wp\/v2\/pages\/334\/revisions\/539"}],"wp:attachment":[{"href":"https:\/\/verein-omid.ch\/index.php\/wp-json\/wp\/v2\/media?parent=334"}],"curies":[{"name":"wp","href":"https:\/\/api.w.org\/{rel}","templated":true}]}}