{"id":307,"date":"2023-12-07T08:31:59","date_gmt":"2023-12-07T08:31:59","guid":{"rendered":"https:\/\/verein-omid.ch\/?page_id=307"},"modified":"2025-09-22T09:46:55","modified_gmt":"2025-09-22T09:46:55","slug":"sommerlager","status":"publish","type":"page","link":"https:\/\/verein-omid.ch\/index.php\/sommerlager\/","title":{"rendered":"Sommerlager"},"content":{"rendered":"\n<p>Im Juli 2025 f\u00fchrten wir zum f\u00fcnften Mal als Verein OMID eine Ferienwoche mit Migrantinnen und Migranten aus Afghanistan und Iran aus der Region Biel, Jura und Solothurn durch.<\/p>\n\n\n\n<p>Die Asylsuchenden und vorl\u00e4ufig Aufgenommenen haben in der Regel einen stressgeplagten Alltag in Asylunterk\u00fcnften mit viel Unsicherheit und haben nicht die M\u00f6glichkeit, hier in der Schweiz Ferien zu verbringen. <\/p>\n\n\n\n<p>Wir bieten deshalb diese Woche an und erhoffen uns gute Erholung f\u00fcr sie alle, vertiefte Beziehungen zueinander und Ermutigung f\u00fcr jeden Einzelnen. <\/p>\n\n\n\n<p><\/p>\n\n\n\n<figure class=\"wp-block-image size-large is-resized\"><img loading=\"lazy\" decoding=\"async\" width=\"1024\" height=\"476\" src=\"https:\/\/verein-omid.ch\/wp-content\/uploads\/2024\/01\/4-Kreise-Sommerlager-1024x476.jpg\" alt=\"\" class=\"wp-image-506\" style=\"width:635px;height:auto\" srcset=\"https:\/\/verein-omid.ch\/wp-content\/uploads\/2024\/01\/4-Kreise-Sommerlager-1024x476.jpg 1024w, https:\/\/verein-omid.ch\/wp-content\/uploads\/2024\/01\/4-Kreise-Sommerlager-300x140.jpg 300w, https:\/\/verein-omid.ch\/wp-content\/uploads\/2024\/01\/4-Kreise-Sommerlager-768x357.jpg 768w, https:\/\/verein-omid.ch\/wp-content\/uploads\/2024\/01\/4-Kreise-Sommerlager.jpg 1075w\" sizes=\"auto, (max-width: 1024px) 100vw, 1024px\" \/><\/figure>\n","protected":false},"excerpt":{"rendered":"<p>Im Juli 2025 f\u00fchrten wir zum f\u00fcnften Mal als Verein OMID eine Ferienwoche mit Migrantinnen und Migranten aus Afghanistan und Iran aus der Region Biel, Jura und Solothurn durch. Die Asylsuchenden und vorl\u00e4ufig Aufgenommenen haben in der Regel einen stressgeplagten Alltag in Asylunterk\u00fcnften mit viel Unsicherheit und haben nicht die M\u00f6glichkeit, hier in der Schweiz [&hellip;]<\/p>\n","protected":false},"author":2,"featured_media":0,"parent":0,"menu_order":0,"comment_status":"closed","ping_status":"closed","template":"","meta":{"footnotes":""},"class_list":["post-307","page","type-page","status-publish","hentry"],"_links":{"self":[{"href":"https:\/\/verein-omid.ch\/index.php\/wp-json\/wp\/v2\/pages\/307","targetHints":{"allow":["GET"]}}],"collection":[{"href":"https:\/\/verein-omid.ch\/index.php\/wp-json\/wp\/v2\/pages"}],"about":[{"href":"https:\/\/verein-omid.ch\/index.php\/wp-json\/wp\/v2\/types\/page"}],"author":[{"embeddable":true,"href":"https:\/\/verein-omid.ch\/index.php\/wp-json\/wp\/v2\/users\/2"}],"replies":[{"embeddable":true,"href":"https:\/\/verein-omid.ch\/index.php\/wp-json\/wp\/v2\/comments?post=307"}],"version-history":[{"count":11,"href":"https:\/\/verein-omid.ch\/index.php\/wp-json\/wp\/v2\/pages\/307\/revisions"}],"predecessor-version":[{"id":550,"href":"https:\/\/verein-omid.ch\/index.php\/wp-json\/wp\/v2\/pages\/307\/revisions\/550"}],"wp:attachment":[{"href":"https:\/\/verein-omid.ch\/index.php\/wp-json\/wp\/v2\/media?parent=307"}],"curies":[{"name":"wp","href":"https:\/\/api.w.org\/{rel}","templated":true}]}}