{"id":253,"date":"2022-02-16T15:57:45","date_gmt":"2022-02-16T15:57:45","guid":{"rendered":"https:\/\/verein-omid.ch\/?page_id=253"},"modified":"2024-01-12T21:31:30","modified_gmt":"2024-01-12T21:31:30","slug":"events-2","status":"publish","type":"page","link":"https:\/\/verein-omid.ch\/index.php\/events-2\/","title":{"rendered":"Freizeitangebote"},"content":{"rendered":"\n<p>Falls du dich f\u00fcr unsere Freizeitangebote interessierst und mehr Informationen m\u00f6chtest, dann melde dich per E-Mail (<a href=\"mailto:info@verein-omid.ch\" target=\"_blank\" rel=\"noreferrer noopener\">i<\/a><a href=\"mailto:nfo@verein-omid.ch\" target=\"_blank\" rel=\"noreferrer noopener\">nfo@verein-omid.ch<\/a>) bei uns. <br>Wir freuen uns dich kennenzulernen.<\/p>\n\n\n\n<p><\/p>\n\n\n\n<p><\/p>\n\n\n\n<div class=\"wp-block-columns is-layout-flex wp-container-core-columns-is-layout-f1061711 wp-block-columns-is-layout-flex\" style=\"padding-right:var(--wp--preset--spacing--20);padding-left:var(--wp--preset--spacing--20)\">\n<div class=\"wp-block-column is-layout-flow wp-block-column-is-layout-flow\">\n<figure class=\"wp-block-image size-full is-resized\"><img loading=\"lazy\" decoding=\"async\" width=\"695\" height=\"443\" src=\"https:\/\/verein-omid.ch\/wp-content\/uploads\/2024\/01\/Dance-3.jpg\" alt=\"\" class=\"wp-image-525\" style=\"width:314px;height:auto\" srcset=\"https:\/\/verein-omid.ch\/wp-content\/uploads\/2024\/01\/Dance-3.jpg 695w, https:\/\/verein-omid.ch\/wp-content\/uploads\/2024\/01\/Dance-3-300x191.jpg 300w\" sizes=\"auto, (max-width: 695px) 100vw, 695px\" \/><\/figure>\n<\/div>\n\n\n\n<div class=\"wp-block-column is-layout-flow wp-block-column-is-layout-flow\">\n<p style=\"margin-left:0\">Zweimal im Monat veranstalten wir einen Tanzmorgen f\u00fcr Frauen. <br>Wir treffen uns um unsere Muskeln zu trainieren, verschiedene T\u00e4nze zu \u00fcben und viiiel Spass zu haben!<\/p>\n<\/div>\n\n\n\n<div class=\"wp-block-column is-layout-flow wp-block-column-is-layout-flow\" style=\"flex-basis:40px\"><\/div>\n<\/div>\n\n\n\n<div class=\"wp-block-columns is-layout-flex wp-container-core-columns-is-layout-f1061711 wp-block-columns-is-layout-flex\" style=\"padding-right:var(--wp--preset--spacing--20);padding-left:var(--wp--preset--spacing--20)\">\n<div class=\"wp-block-column is-layout-flow wp-block-column-is-layout-flow\">\n<figure class=\"wp-block-image size-full is-resized\"><img loading=\"lazy\" decoding=\"async\" width=\"678\" height=\"437\" src=\"https:\/\/verein-omid.ch\/wp-content\/uploads\/2024\/01\/Sport.jpg\" alt=\"\" class=\"wp-image-524\" style=\"width:314px;height:auto\" srcset=\"https:\/\/verein-omid.ch\/wp-content\/uploads\/2024\/01\/Sport.jpg 678w, https:\/\/verein-omid.ch\/wp-content\/uploads\/2024\/01\/Sport-300x193.jpg 300w\" sizes=\"auto, (max-width: 678px) 100vw, 678px\" \/><\/figure>\n<\/div>\n\n\n\n<div class=\"wp-block-column is-layout-flow wp-block-column-is-layout-flow\">\n<p style=\"padding-top:var(--wp--preset--spacing--20);padding-bottom:var(--wp--preset--spacing--20)\">Auch f\u00fcr die M\u00e4nner haben wir ein tolles Angebot. Alle paar Wochen spielen wir in einer Turnhalle Fussball, Volleyball oder Basketball.<\/p>\n<\/div>\n\n\n\n<div class=\"wp-block-column is-layout-flow wp-block-column-is-layout-flow\" style=\"flex-basis:40px\"><\/div>\n<\/div>\n\n\n\n<div class=\"wp-block-columns is-layout-flex wp-container-core-columns-is-layout-1da14fc4 wp-block-columns-is-layout-flex\" style=\"padding-top:0;padding-right:var(--wp--preset--spacing--20);padding-bottom:0;padding-left:var(--wp--preset--spacing--20)\">\n<div class=\"wp-block-column is-layout-flow wp-block-column-is-layout-flow\">\n<figure class=\"wp-block-image size-full is-resized\"><img loading=\"lazy\" decoding=\"async\" width=\"690\" height=\"437\" src=\"https:\/\/verein-omid.ch\/wp-content\/uploads\/2024\/01\/Crafting-real-1.jpg\" alt=\"\" class=\"wp-image-526\" style=\"width:307px;height:auto\" srcset=\"https:\/\/verein-omid.ch\/wp-content\/uploads\/2024\/01\/Crafting-real-1.jpg 690w, https:\/\/verein-omid.ch\/wp-content\/uploads\/2024\/01\/Crafting-real-1-300x190.jpg 300w\" sizes=\"auto, (max-width: 690px) 100vw, 690px\" \/><\/figure>\n<\/div>\n\n\n\n<div class=\"wp-block-column is-layout-flow wp-block-column-is-layout-flow\">\n<p style=\"padding-top:var(--wp--preset--spacing--20);padding-bottom:var(--wp--preset--spacing--20)\">Zudem bieten wir einmal im Monat einen Bastelmorge f\u00fcr Frauen an. Dort kannst du deiner Kreativit\u00e4t freien Lauf lassen.<\/p>\n<\/div>\n\n\n\n<div class=\"wp-block-column is-layout-flow wp-block-column-is-layout-flow\" style=\"flex-basis:40px\"><\/div>\n<\/div>\n","protected":false},"excerpt":{"rendered":"<p>Falls du dich f\u00fcr unsere Freizeitangebote interessierst und mehr Informationen m\u00f6chtest, dann melde dich per E-Mail (info@verein-omid.ch) bei uns. Wir freuen uns dich kennenzulernen. Zweimal im Monat veranstalten wir einen Tanzmorgen f\u00fcr Frauen. Wir treffen uns um unsere Muskeln zu trainieren, verschiedene T\u00e4nze zu \u00fcben und viiiel Spass zu haben! Auch f\u00fcr die M\u00e4nner haben [&hellip;]<\/p>\n","protected":false},"author":1,"featured_media":0,"parent":0,"menu_order":0,"comment_status":"closed","ping_status":"closed","template":"","meta":{"footnotes":""},"class_list":["post-253","page","type-page","status-publish","hentry"],"_links":{"self":[{"href":"https:\/\/verein-omid.ch\/index.php\/wp-json\/wp\/v2\/pages\/253","targetHints":{"allow":["GET"]}}],"collection":[{"href":"https:\/\/verein-omid.ch\/index.php\/wp-json\/wp\/v2\/pages"}],"about":[{"href":"https:\/\/verein-omid.ch\/index.php\/wp-json\/wp\/v2\/types\/page"}],"author":[{"embeddable":true,"href":"https:\/\/verein-omid.ch\/index.php\/wp-json\/wp\/v2\/users\/1"}],"replies":[{"embeddable":true,"href":"https:\/\/verein-omid.ch\/index.php\/wp-json\/wp\/v2\/comments?post=253"}],"version-history":[{"count":28,"href":"https:\/\/verein-omid.ch\/index.php\/wp-json\/wp\/v2\/pages\/253\/revisions"}],"predecessor-version":[{"id":531,"href":"https:\/\/verein-omid.ch\/index.php\/wp-json\/wp\/v2\/pages\/253\/revisions\/531"}],"wp:attachment":[{"href":"https:\/\/verein-omid.ch\/index.php\/wp-json\/wp\/v2\/media?parent=253"}],"curies":[{"name":"wp","href":"https:\/\/api.w.org\/{rel}","templated":true}]}}