{"id":246,"date":"2022-02-16T15:41:39","date_gmt":"2022-02-16T15:41:39","guid":{"rendered":"https:\/\/verein-omid.ch\/?page_id=246"},"modified":"2024-01-13T18:46:35","modified_gmt":"2024-01-13T18:46:35","slug":"mitmachen","status":"publish","type":"page","link":"https:\/\/verein-omid.ch\/index.php\/mitmachen\/","title":{"rendered":"Mach mit"},"content":{"rendered":"\n<p><\/p>\n\n\n\n<div class=\"wp-block-columns is-layout-flex wp-container-core-columns-is-layout-28f84493 wp-block-columns-is-layout-flex\">\n<div class=\"wp-block-column is-layout-flow wp-block-column-is-layout-flow\" style=\"flex-basis:400px\">\n<p><strong>Wie kannst du dich beteiligen?<\/strong><\/p>\n\n\n\n<p>Kennst du eine farsisprechende Person, die von unseren OMID-Aktivit\u00e4ten profitieren k\u00f6nnte?<\/p>\n\n\n\n<p>M\u00f6chtest du mit farsisprechenden Menschen unterwegs sein und hat dich eines unserer Angebote angesprochen?<\/p>\n\n\n\n<p>Hast du weitere Fragen, Anregungen oder Ideen?<\/p>\n\n\n\n<p>Dann melde dich bei uns unter:<br><a href=\"mailto:info@verein-omid.ch\" target=\"_blank\" rel=\"noreferrer noopener\">i<\/a><a href=\"mailto:nfo@verein-omid.ch\" target=\"_blank\" rel=\"noreferrer noopener\">nfo@verein-omid.ch<\/a><\/p>\n\n\n\n<div class=\"wp-block-columns is-layout-flex wp-container-core-columns-is-layout-28f84493 wp-block-columns-is-layout-flex\">\n<div class=\"wp-block-column is-layout-flow wp-block-column-is-layout-flow\">\n<figure class=\"wp-block-image size-full is-resized\"><img loading=\"lazy\" decoding=\"async\" width=\"451\" height=\"421\" src=\"https:\/\/verein-omid.ch\/wp-content\/uploads\/2024\/01\/Haende-2.jpg\" alt=\"\" class=\"wp-image-511\" style=\"width:249px;height:auto\" srcset=\"https:\/\/verein-omid.ch\/wp-content\/uploads\/2024\/01\/Haende-2.jpg 451w, https:\/\/verein-omid.ch\/wp-content\/uploads\/2024\/01\/Haende-2-300x280.jpg 300w\" sizes=\"auto, (max-width: 451px) 100vw, 451px\" \/><\/figure>\n<\/div>\n<\/div>\n<\/div>\n\n\n\n<div class=\"wp-block-column is-layout-flow wp-block-column-is-layout-flow\" style=\"flex-basis:50px\"><\/div>\n\n\n\n<div class=\"wp-block-column is-layout-flow wp-block-column-is-layout-flow\" style=\"flex-basis:450px\">\n<p><strong>Spenden<\/strong><\/p>\n\n\n\n<p>OMID ist ein spendenfinanziertes Freiwilligenprojekt. Wir sind unabh\u00e4ngig und erhalten keine staatlichen Gelder. <\/p>\n\n\n\n<p>Mit deinem Beitrag machst du einen Unterschied!<\/p>\n\n\n\n<p>IBAN: CH27 0900 0000 1564 2738 9 Verein OMID<br>Bielweg 3 <br>2554 Meinisberg\u00a0<\/p>\n\n\n\n<p>TWINT: <\/p>\n\n\n\n<figure class=\"wp-block-image size-full is-resized\"><img loading=\"lazy\" decoding=\"async\" width=\"286\" height=\"541\" src=\"https:\/\/verein-omid.ch\/wp-content\/uploads\/2023\/12\/QR-TWINT-Scan-neu.png\" alt=\"\" class=\"wp-image-404\" style=\"width:211px;height:auto\" srcset=\"https:\/\/verein-omid.ch\/wp-content\/uploads\/2023\/12\/QR-TWINT-Scan-neu.png 286w, https:\/\/verein-omid.ch\/wp-content\/uploads\/2023\/12\/QR-TWINT-Scan-neu-159x300.png 159w\" sizes=\"auto, (max-width: 286px) 100vw, 286px\" \/><\/figure>\n<\/div>\n<\/div>\n\n\n\n<div class=\"wp-block-columns is-layout-flex wp-container-core-columns-is-layout-28f84493 wp-block-columns-is-layout-flex\">\n<div class=\"wp-block-column is-layout-flow wp-block-column-is-layout-flow\"><\/div>\n\n\n\n<div class=\"wp-block-column is-layout-flow wp-block-column-is-layout-flow\"><\/div>\n<\/div>\n\n\n\n<p><\/p>\n","protected":false},"excerpt":{"rendered":"<p>Wie kannst du dich beteiligen? Kennst du eine farsisprechende Person, die von unseren OMID-Aktivit\u00e4ten profitieren k\u00f6nnte? M\u00f6chtest du mit farsisprechenden Menschen unterwegs sein und hat dich eines unserer Angebote angesprochen? Hast du weitere Fragen, Anregungen oder Ideen? Dann melde dich bei uns unter:info@verein-omid.ch Spenden OMID ist ein spendenfinanziertes Freiwilligenprojekt. Wir sind unabh\u00e4ngig und erhalten keine [&hellip;]<\/p>\n","protected":false},"author":1,"featured_media":0,"parent":0,"menu_order":0,"comment_status":"closed","ping_status":"closed","template":"","meta":{"footnotes":""},"class_list":["post-246","page","type-page","status-publish","hentry"],"_links":{"self":[{"href":"https:\/\/verein-omid.ch\/index.php\/wp-json\/wp\/v2\/pages\/246","targetHints":{"allow":["GET"]}}],"collection":[{"href":"https:\/\/verein-omid.ch\/index.php\/wp-json\/wp\/v2\/pages"}],"about":[{"href":"https:\/\/verein-omid.ch\/index.php\/wp-json\/wp\/v2\/types\/page"}],"author":[{"embeddable":true,"href":"https:\/\/verein-omid.ch\/index.php\/wp-json\/wp\/v2\/users\/1"}],"replies":[{"embeddable":true,"href":"https:\/\/verein-omid.ch\/index.php\/wp-json\/wp\/v2\/comments?post=246"}],"version-history":[{"count":16,"href":"https:\/\/verein-omid.ch\/index.php\/wp-json\/wp\/v2\/pages\/246\/revisions"}],"predecessor-version":[{"id":544,"href":"https:\/\/verein-omid.ch\/index.php\/wp-json\/wp\/v2\/pages\/246\/revisions\/544"}],"wp:attachment":[{"href":"https:\/\/verein-omid.ch\/index.php\/wp-json\/wp\/v2\/media?parent=246"}],"curies":[{"name":"wp","href":"https:\/\/api.w.org\/{rel}","templated":true}]}}